{"id":94,"date":"2024-11-10T13:11:06","date_gmt":"2024-11-10T13:11:06","guid":{"rendered":"https:\/\/xn--energierechtsanwltin-qzb.ch\/?page_id=94"},"modified":"2024-11-18T19:29:07","modified_gmt":"2024-11-18T19:29:07","slug":"startseite-10-11-2024","status":"publish","type":"page","link":"https:\/\/xn--energierechtsanwltin-qzb.ch\/?page_id=94","title":{"rendered":"Netz"},"content":{"rendered":"\n<p>Dieser Blog besteht seit November 2024 und fokussiert &#8211; aus gegebenem Anlass &#8211; in den ersten Beitr\u00e4gen auf die Revisionen des StromVG und des EnG im Rahmen des Mantelerlasses. Beitr\u00e4ge spezifisch zum Themenbereich &#8220;Netz&#8221; werden sp\u00e4ter folgen.<\/p>\n\n\n<div class=\"is-style-boxed has-light-bg wp-block-themeisle-blocks-posts-grid\" id=\"wp-block-themeisle-blocks-posts-grid-e9dfd26c\"><div class=\"is-list\"><div class=\"o-posts-grid-post-blog o-posts-grid-post-plain\"><div class=\"o-posts-grid-post\"><div class=\"o-posts-grid-post-body is-full\"><span class=\"o-posts-grid-post-category\"><a href=\"https:\/\/xn--energierechtsanwltin-qzb.ch\/?cat=16\">Netz<\/a><\/span><h4 class=\"o-posts-grid-post-title\"><a href=\"https:\/\/xn--energierechtsanwltin-qzb.ch\/?p=415\">Stromabkommen CH-EU: Schweizer Umsetzung der EU-Vorgaben zur personellen Entflechtung und zu Shared Services<\/a><\/h4><p class=\"o-posts-grid-post-meta\">Posted on <time datetime=\"2026-01-06T09:40:06+00:00\">6. Januar 2026<\/time> by <a href=\"https:\/\/xn--energierechtsanwltin-qzb.ch\/?author=1\">Livia Camenisch<\/a><\/p><div class=\"o-posts-grid-post-description\"><p>Im letzten Blogbeitrag wurde gezeigt, welche Entflechtungsvorgaben VNB mit mehr als 100&#8217;000 an\u2026<\/p><\/div><\/div><\/div><\/div><div class=\"o-posts-grid-post-blog o-posts-grid-post-plain\"><div class=\"o-posts-grid-post\"><div class=\"o-posts-grid-post-body is-full\"><span class=\"o-posts-grid-post-category\"><a href=\"https:\/\/xn--energierechtsanwltin-qzb.ch\/?cat=16\">Netz<\/a><\/span><h4 class=\"o-posts-grid-post-title\"><a href=\"https:\/\/xn--energierechtsanwltin-qzb.ch\/?p=401\">Entflechtung von VNB unter dem Stromabkommen Schweiz-EU \u2013 was schreibt die EU genau vor?<\/a><\/h4><p class=\"o-posts-grid-post-meta\">Posted on <time datetime=\"2025-11-24T09:01:21+00:00\">24. November 2025<\/time> by <a href=\"https:\/\/xn--energierechtsanwltin-qzb.ch\/?author=1\">Livia Camenisch<\/a><\/p><div class=\"o-posts-grid-post-description\"><p>Blick aufs Stromabkommen Schweiz\u2013EU Im letzten Blogbeitrag hatte ich sechs Fragen rund um das inform\u2026<\/p><\/div><\/div><\/div><\/div><div class=\"o-posts-grid-post-blog o-posts-grid-post-plain\"><div class=\"o-posts-grid-post\"><div class=\"o-posts-grid-post-body is-full\"><span class=\"o-posts-grid-post-category\"><a href=\"https:\/\/xn--energierechtsanwltin-qzb.ch\/?cat=16\">Netz<\/a><\/span><h4 class=\"o-posts-grid-post-title\"><a href=\"https:\/\/xn--energierechtsanwltin-qzb.ch\/?p=384\">Unbundling Q&amp;A<\/a><\/h4><p class=\"o-posts-grid-post-meta\">Posted on <time datetime=\"2025-09-01T10:54:07+00:00\">1. September 2025<\/time> by <a href=\"https:\/\/xn--energierechtsanwltin-qzb.ch\/?author=1\">Livia Camenisch<\/a><\/p><div class=\"o-posts-grid-post-description\"><p>Was ist informatorisches Unbundling? Das informatorische Unbundling verlangt, dass Netzbetreiber Inf\u2026<\/p><\/div><\/div><\/div><\/div><\/div> <\/div>\n\n\n<p><\/p>\n","protected":false},"excerpt":{"rendered":"<p>Dieser Blog besteht seit November 2024 und fokussiert &#8211; aus gegebenem Anlass &#8211; in den ersten Beitr\u00e4gen auf die Revisionen [&hellip;]<\/p>\n","protected":false},"author":1,"featured_media":0,"parent":0,"menu_order":0,"comment_status":"closed","ping_status":"closed","template":"","meta":{"site-sidebar-layout":"default","site-content-layout":"","ast-site-content-layout":"","site-content-style":"default","site-sidebar-style":"default","ast-global-header-display":"","ast-banner-title-visibility":"","ast-main-header-display":"","ast-hfb-above-header-display":"","ast-hfb-below-header-display":"","ast-hfb-mobile-header-display":"","site-post-title":"disabled","ast-breadcrumbs-content":"","ast-featured-img":"","footer-sml-layout":"","theme-transparent-header-meta":"","adv-header-id-meta":"","stick-header-meta":"","header-above-stick-meta":"","header-main-stick-meta":"","header-below-stick-meta":"","astra-migrate-meta-layouts":"default","ast-page-background-enabled":"default","ast-page-background-meta":{"desktop":{"background-color":"var(--ast-global-color-4)","background-image":"","background-repeat":"repeat","background-position":"center center","background-size":"auto","background-attachment":"scroll","background-type":"","background-media":"","overlay-type":"","overlay-color":"","overlay-opacity":"","overlay-gradient":""},"tablet":{"background-color":"","background-image":"","background-repeat":"repeat","background-position":"center center","background-size":"auto","background-attachment":"scroll","background-type":"","background-media":"","overlay-type":"","overlay-color":"","overlay-opacity":"","overlay-gradient":""},"mobile":{"background-color":"","background-image":"","background-repeat":"repeat","background-position":"center center","background-size":"auto","background-attachment":"scroll","background-type":"","background-media":"","overlay-type":"","overlay-color":"","overlay-opacity":"","overlay-gradient":""}},"ast-content-background-meta":{"desktop":{"background-color":"var(--ast-global-color-5)","background-image":"","background-repeat":"repeat","background-position":"center center","background-size":"auto","background-attachment":"scroll","background-type":"","background-media":"","overlay-type":"","overlay-color":"","overlay-opacity":"","overlay-gradient":""},"tablet":{"background-color":"var(--ast-global-color-5)","background-image":"","background-repeat":"repeat","background-position":"center center","background-size":"auto","background-attachment":"scroll","background-type":"","background-media":"","overlay-type":"","overlay-color":"","overlay-opacity":"","overlay-gradient":""},"mobile":{"background-color":"var(--ast-global-color-5)","background-image":"","background-repeat":"repeat","background-position":"center center","background-size":"auto","background-attachment":"scroll","background-type":"","background-media":"","overlay-type":"","overlay-color":"","overlay-opacity":"","overlay-gradient":""}},"_themeisle_gutenberg_block_has_review":false,"footnotes":""},"class_list":["post-94","page","type-page","status-publish","hentry"],"yoast_head":"<!-- This site is optimized with the Yoast SEO plugin v23.9 - https:\/\/yoast.com\/wordpress\/plugins\/seo\/ -->\n<title>Netz - energierechtsanw\u00e4ltin.ch<\/title>\n<meta name=\"robots\" content=\"index, follow, max-snippet:-1, max-image-preview:large, max-video-preview:-1\" \/>\n<link rel=\"canonical\" href=\"https:\/\/xn--energierechtsanwltin-qzb.ch\/?page_id=94\" \/>\n<meta property=\"og:locale\" content=\"de_DE\" \/>\n<meta property=\"og:type\" content=\"article\" \/>\n<meta property=\"og:title\" content=\"Netz - energierechtsanw\u00e4ltin.ch\" \/>\n<meta property=\"og:description\" content=\"Dieser Blog besteht seit November 2024 und fokussiert &#8211; aus gegebenem Anlass &#8211; in den ersten Beitr\u00e4gen auf die Revisionen [&hellip;]\" \/>\n<meta property=\"og:url\" content=\"https:\/\/xn--energierechtsanwltin-qzb.ch\/?page_id=94\" \/>\n<meta property=\"og:site_name\" content=\"energierechtsanw\u00e4ltin.ch\" \/>\n<meta property=\"article:modified_time\" content=\"2024-11-18T19:29:07+00:00\" \/>\n<meta name=\"twitter:card\" content=\"summary_large_image\" \/>\n<script type=\"application\/ld+json\" class=\"yoast-schema-graph\">{\"@context\":\"https:\/\/schema.org\",\"@graph\":[{\"@type\":\"WebPage\",\"@id\":\"https:\/\/xn--energierechtsanwltin-qzb.ch\/?page_id=94\",\"url\":\"https:\/\/xn--energierechtsanwltin-qzb.ch\/?page_id=94\",\"name\":\"Netz - energierechtsanw\u00e4ltin.ch\",\"isPartOf\":{\"@id\":\"https:\/\/xn--energierechtsanwltin-qzb.ch\/#website\"},\"datePublished\":\"2024-11-10T13:11:06+00:00\",\"dateModified\":\"2024-11-18T19:29:07+00:00\",\"breadcrumb\":{\"@id\":\"https:\/\/xn--energierechtsanwltin-qzb.ch\/?page_id=94#breadcrumb\"},\"inLanguage\":\"de-CH\",\"potentialAction\":[{\"@type\":\"ReadAction\",\"target\":[\"https:\/\/xn--energierechtsanwltin-qzb.ch\/?page_id=94\"]}]},{\"@type\":\"BreadcrumbList\",\"@id\":\"https:\/\/xn--energierechtsanwltin-qzb.ch\/?page_id=94#breadcrumb\",\"itemListElement\":[{\"@type\":\"ListItem\",\"position\":1,\"name\":\"Startseite\",\"item\":\"https:\/\/xn--energierechtsanwltin-qzb.ch\/\"},{\"@type\":\"ListItem\",\"position\":2,\"name\":\"Netz\"}]},{\"@type\":\"WebSite\",\"@id\":\"https:\/\/xn--energierechtsanwltin-qzb.ch\/#website\",\"url\":\"https:\/\/xn--energierechtsanwltin-qzb.ch\/\",\"name\":\"energierechtsanw\u00e4ltin.ch\",\"description\":\"Ein Blog f\u00fcr die Energiebranche.\",\"publisher\":{\"@id\":\"https:\/\/xn--energierechtsanwltin-qzb.ch\/#organization\"},\"potentialAction\":[{\"@type\":\"SearchAction\",\"target\":{\"@type\":\"EntryPoint\",\"urlTemplate\":\"https:\/\/xn--energierechtsanwltin-qzb.ch\/?s={search_term_string}\"},\"query-input\":{\"@type\":\"PropertyValueSpecification\",\"valueRequired\":true,\"valueName\":\"search_term_string\"}}],\"inLanguage\":\"de-CH\"},{\"@type\":\"Organization\",\"@id\":\"https:\/\/xn--energierechtsanwltin-qzb.ch\/#organization\",\"name\":\"energierechtsanw\u00e4ltin.ch\",\"url\":\"https:\/\/xn--energierechtsanwltin-qzb.ch\/\",\"logo\":{\"@type\":\"ImageObject\",\"inLanguage\":\"de-CH\",\"@id\":\"https:\/\/xn--energierechtsanwltin-qzb.ch\/#\/schema\/logo\/image\/\",\"url\":\"https:\/\/xn--energierechtsanwltin-qzb.ch\/wp-content\/uploads\/2024\/11\/cropped-Paragraf.jpg\",\"contentUrl\":\"https:\/\/xn--energierechtsanwltin-qzb.ch\/wp-content\/uploads\/2024\/11\/cropped-Paragraf.jpg\",\"width\":282,\"height\":277,\"caption\":\"energierechtsanw\u00e4ltin.ch\"},\"image\":{\"@id\":\"https:\/\/xn--energierechtsanwltin-qzb.ch\/#\/schema\/logo\/image\/\"}}]}<\/script>\n<!-- \/ Yoast SEO plugin. -->","yoast_head_json":{"title":"Netz - energierechtsanw\u00e4ltin.ch","robots":{"index":"index","follow":"follow","max-snippet":"max-snippet:-1","max-image-preview":"max-image-preview:large","max-video-preview":"max-video-preview:-1"},"canonical":"https:\/\/xn--energierechtsanwltin-qzb.ch\/?page_id=94","og_locale":"de_DE","og_type":"article","og_title":"Netz - energierechtsanw\u00e4ltin.ch","og_description":"Dieser Blog besteht seit November 2024 und fokussiert &#8211; aus gegebenem Anlass &#8211; in den ersten Beitr\u00e4gen auf die Revisionen [&hellip;]","og_url":"https:\/\/xn--energierechtsanwltin-qzb.ch\/?page_id=94","og_site_name":"energierechtsanw\u00e4ltin.ch","article_modified_time":"2024-11-18T19:29:07+00:00","twitter_card":"summary_large_image","schema":{"@context":"https:\/\/schema.org","@graph":[{"@type":"WebPage","@id":"https:\/\/xn--energierechtsanwltin-qzb.ch\/?page_id=94","url":"https:\/\/xn--energierechtsanwltin-qzb.ch\/?page_id=94","name":"Netz - energierechtsanw\u00e4ltin.ch","isPartOf":{"@id":"https:\/\/xn--energierechtsanwltin-qzb.ch\/#website"},"datePublished":"2024-11-10T13:11:06+00:00","dateModified":"2024-11-18T19:29:07+00:00","breadcrumb":{"@id":"https:\/\/xn--energierechtsanwltin-qzb.ch\/?page_id=94#breadcrumb"},"inLanguage":"de-CH","potentialAction":[{"@type":"ReadAction","target":["https:\/\/xn--energierechtsanwltin-qzb.ch\/?page_id=94"]}]},{"@type":"BreadcrumbList","@id":"https:\/\/xn--energierechtsanwltin-qzb.ch\/?page_id=94#breadcrumb","itemListElement":[{"@type":"ListItem","position":1,"name":"Startseite","item":"https:\/\/xn--energierechtsanwltin-qzb.ch\/"},{"@type":"ListItem","position":2,"name":"Netz"}]},{"@type":"WebSite","@id":"https:\/\/xn--energierechtsanwltin-qzb.ch\/#website","url":"https:\/\/xn--energierechtsanwltin-qzb.ch\/","name":"energierechtsanw\u00e4ltin.ch","description":"Ein Blog f\u00fcr die Energiebranche.","publisher":{"@id":"https:\/\/xn--energierechtsanwltin-qzb.ch\/#organization"},"potentialAction":[{"@type":"SearchAction","target":{"@type":"EntryPoint","urlTemplate":"https:\/\/xn--energierechtsanwltin-qzb.ch\/?s={search_term_string}"},"query-input":{"@type":"PropertyValueSpecification","valueRequired":true,"valueName":"search_term_string"}}],"inLanguage":"de-CH"},{"@type":"Organization","@id":"https:\/\/xn--energierechtsanwltin-qzb.ch\/#organization","name":"energierechtsanw\u00e4ltin.ch","url":"https:\/\/xn--energierechtsanwltin-qzb.ch\/","logo":{"@type":"ImageObject","inLanguage":"de-CH","@id":"https:\/\/xn--energierechtsanwltin-qzb.ch\/#\/schema\/logo\/image\/","url":"https:\/\/xn--energierechtsanwltin-qzb.ch\/wp-content\/uploads\/2024\/11\/cropped-Paragraf.jpg","contentUrl":"https:\/\/xn--energierechtsanwltin-qzb.ch\/wp-content\/uploads\/2024\/11\/cropped-Paragraf.jpg","width":282,"height":277,"caption":"energierechtsanw\u00e4ltin.ch"},"image":{"@id":"https:\/\/xn--energierechtsanwltin-qzb.ch\/#\/schema\/logo\/image\/"}}]}},"_links":{"self":[{"href":"https:\/\/xn--energierechtsanwltin-qzb.ch\/index.php?rest_route=\/wp\/v2\/pages\/94","targetHints":{"allow":["GET"]}}],"collection":[{"href":"https:\/\/xn--energierechtsanwltin-qzb.ch\/index.php?rest_route=\/wp\/v2\/pages"}],"about":[{"href":"https:\/\/xn--energierechtsanwltin-qzb.ch\/index.php?rest_route=\/wp\/v2\/types\/page"}],"author":[{"embeddable":true,"href":"https:\/\/xn--energierechtsanwltin-qzb.ch\/index.php?rest_route=\/wp\/v2\/users\/1"}],"replies":[{"embeddable":true,"href":"https:\/\/xn--energierechtsanwltin-qzb.ch\/index.php?rest_route=%2Fwp%2Fv2%2Fcomments&post=94"}],"version-history":[{"count":9,"href":"https:\/\/xn--energierechtsanwltin-qzb.ch\/index.php?rest_route=\/wp\/v2\/pages\/94\/revisions"}],"predecessor-version":[{"id":318,"href":"https:\/\/xn--energierechtsanwltin-qzb.ch\/index.php?rest_route=\/wp\/v2\/pages\/94\/revisions\/318"}],"wp:attachment":[{"href":"https:\/\/xn--energierechtsanwltin-qzb.ch\/index.php?rest_route=%2Fwp%2Fv2%2Fmedia&parent=94"}],"curies":[{"name":"wp","href":"https:\/\/api.w.org\/{rel}","templated":true}]}}