{"id":174,"date":"2024-11-10T16:12:11","date_gmt":"2024-11-10T16:12:11","guid":{"rendered":"https:\/\/xn--energierechtsanwltin-qzb.ch\/?page_id=174"},"modified":"2025-01-17T21:29:13","modified_gmt":"2025-01-17T21:29:13","slug":"about","status":"publish","type":"page","link":"https:\/\/xn--energierechtsanwltin-qzb.ch\/?page_id=174","title":{"rendered":"About"},"content":{"rendered":"\n<div class=\"wp-block-columns alignwide is-layout-flex wp-container-core-columns-is-layout-ec2e7a44 wp-block-columns-is-layout-flex\" style=\"padding-top:0;padding-bottom:0\">\n<div class=\"wp-block-column is-layout-flow wp-block-column-is-layout-flow\" style=\"flex-basis:66.66%\">\n<p class=\"has-text-align-left\">Dr. Livia Camenisch ist Rechtsanw\u00e4ltin bei VISCHER in Z\u00fcrich. Sie ist im Bereich des \u00f6ffentlichen Wirtschafts- und Verwaltungsrechts t\u00e4tig mit einem starken Fokus auf die Energiebranche.<\/p>\n\n\n\n<p class=\"has-text-align-left\">Livia Camenisch ber\u00e4t Energieversorgungsunternehmen und Gemeinwesen ganzheitlich, insbesondere in den Bereichen Regulierung und Vertragswesen, und vertritt sie in Verfahren vor schweizerischen Verwaltungsbeh\u00f6rden und Gerichten. <\/p>\n\n\n\n<p>Nebst ihrer anwaltlichen T\u00e4tigkeit referiert Livia Camenisch regelm\u00e4ssig zu energierechtlichen Themen. Sie ist zudem Dozentin an der Fachhochschule Graub\u00fcnden, wo sie im MAS Energiewirtschaft das Modul Energierecht leitet. <\/p>\n\n\n\n<p>Mehr zum beruflichen Werdegang und zur Ausbildung von Livia Camenisch erfahren Sie bei <a href=\"https:\/\/www.vischer.com\/team\/livia-camenisch\/\"><strong>VISCHER<\/strong><\/a>.<\/p>\n<\/div>\n\n\n\n<div class=\"wp-block-column is-layout-flow wp-block-column-is-layout-flow\" style=\"flex-basis:33.33%\">\n<figure class=\"wp-block-image size-large\"><img loading=\"lazy\" decoding=\"async\" width=\"1024\" height=\"981\" src=\"https:\/\/xn--energierechtsanwltin-qzb.ch\/wp-content\/uploads\/2024\/11\/Foto-LICA-farbig-1-1024x981.jpeg\" alt=\"\" class=\"wp-image-230\" srcset=\"https:\/\/xn--energierechtsanwltin-qzb.ch\/wp-content\/uploads\/2024\/11\/Foto-LICA-farbig-1-1024x981.jpeg 1024w, https:\/\/xn--energierechtsanwltin-qzb.ch\/wp-content\/uploads\/2024\/11\/Foto-LICA-farbig-1-300x287.jpeg 300w, https:\/\/xn--energierechtsanwltin-qzb.ch\/wp-content\/uploads\/2024\/11\/Foto-LICA-farbig-1-768x736.jpeg 768w, https:\/\/xn--energierechtsanwltin-qzb.ch\/wp-content\/uploads\/2024\/11\/Foto-LICA-farbig-1-1536x1472.jpeg 1536w, https:\/\/xn--energierechtsanwltin-qzb.ch\/wp-content\/uploads\/2024\/11\/Foto-LICA-farbig-1-2048x1962.jpeg 2048w\" sizes=\"auto, (max-width: 1024px) 100vw, 1024px\" \/><\/figure>\n<\/div>\n<\/div>\n\n\n\n<p><\/p>\n\n\n\n<h2 class=\"wp-block-heading\">Kontakt<\/h2>\n\n\n\n<div class=\"wp-block-columns alignwide is-layout-flex wp-container-core-columns-is-layout-850d690e wp-block-columns-is-layout-flex\" style=\"border-style:none;border-width:0px;border-radius:0px;margin-top:0;margin-bottom:0;padding-top:0;padding-right:var(--wp--preset--spacing--50);padding-bottom:0;padding-left:var(--wp--preset--spacing--50)\">\n<div class=\"wp-block-column is-layout-constrained wp-block-column-is-layout-constrained\" style=\"flex-basis:5%\">\n<div id=\"wp-block-themeisle-blocks-font-awesome-icons-cfbbc2ee\" class=\"wp-block-themeisle-blocks-font-awesome-icons\"><span class=\"wp-block-themeisle-blocks-font-awesome-icons-container nan-padding\"><i class=\"far fa-envelope\"><\/i><\/span><\/div>\n<\/div>\n\n\n\n<div class=\"wp-block-column is-layout-flow wp-block-column-is-layout-flow\" style=\"flex-basis:33.33%\">\n<p style=\"font-size:16px\">livia.camenisch@vischer.com<\/p>\n<\/div>\n\n\n\n<div class=\"wp-block-column is-layout-flow wp-block-column-is-layout-flow\" style=\"flex-basis:8.33%\"><\/div>\n\n\n\n<div class=\"wp-block-column is-layout-flow wp-block-column-is-layout-flow\" style=\"flex-basis:16.67%\"><\/div>\n\n\n\n<div class=\"wp-block-column is-layout-flow wp-block-column-is-layout-flow\" style=\"flex-basis:16.67%\"><\/div>\n\n\n\n<div class=\"wp-block-column is-layout-flow wp-block-column-is-layout-flow\" style=\"flex-basis:16.67%\"><\/div>\n<\/div>\n\n\n\n<div class=\"wp-block-columns alignwide is-layout-flex wp-container-core-columns-is-layout-850d690e wp-block-columns-is-layout-flex\" style=\"border-style:none;border-width:0px;border-radius:0px;margin-top:0;margin-bottom:0;padding-top:0;padding-right:var(--wp--preset--spacing--50);padding-bottom:0;padding-left:var(--wp--preset--spacing--50)\">\n<div class=\"wp-block-column is-vertically-aligned-top is-content-justification-left is-layout-constrained wp-container-core-column-is-layout-12dd3699 wp-block-column-is-layout-constrained\" style=\"flex-basis:5%\">\n<div id=\"wp-block-themeisle-blocks-font-awesome-icons-c23e2093\" class=\"wp-block-themeisle-blocks-font-awesome-icons\"><span class=\"wp-block-themeisle-blocks-font-awesome-icons-container nan-padding\"><i class=\"fas fa-suitcase\"><\/i><\/span><\/div>\n<\/div>\n\n\n\n<div class=\"wp-block-column is-layout-flow wp-block-column-is-layout-flow\" style=\"flex-basis:60%\">\n<p>VISCHER AG, Sch\u00fctzengasse 1, Postfach, 8021 Z\u00fcrich<\/p>\n<\/div>\n\n\n\n<div class=\"wp-block-column is-layout-flow wp-block-column-is-layout-flow\" style=\"flex-basis:16.67%\"><\/div>\n<\/div>\n\n\n\n<div class=\"wp-block-columns alignwide is-layout-flex wp-container-core-columns-is-layout-850d690e wp-block-columns-is-layout-flex\" style=\"border-style:none;border-width:0px;border-radius:0px;margin-top:0;margin-bottom:0;padding-top:0;padding-right:var(--wp--preset--spacing--50);padding-bottom:0;padding-left:var(--wp--preset--spacing--50)\">\n<div class=\"wp-block-column is-layout-constrained wp-block-column-is-layout-constrained\" style=\"flex-basis:5%\">\n<div id=\"wp-block-themeisle-blocks-font-awesome-icons-66b159a9\" class=\"wp-block-themeisle-blocks-font-awesome-icons\"><span class=\"wp-block-themeisle-blocks-font-awesome-icons-container nan-padding\"><i class=\"fab fa-linkedin\"><\/i><\/span><\/div>\n<\/div>\n\n\n\n<div class=\"wp-block-column is-layout-flow wp-block-column-is-layout-flow\" style=\"flex-basis:33.33%\">\n<p style=\"font-size:16px\"><a href=\"https:\/\/www.linkedin.com\/in\/livia-camenisch-1a7155145\/?originalSubdomain=ch\">LinkedIn-Profil<\/a><\/p>\n<\/div>\n\n\n\n<div class=\"wp-block-column is-layout-flow wp-block-column-is-layout-flow\" style=\"flex-basis:8.33%\"><\/div>\n\n\n\n<div class=\"wp-block-column is-layout-flow wp-block-column-is-layout-flow\" style=\"flex-basis:16.67%\"><\/div>\n\n\n\n<div class=\"wp-block-column is-layout-flow wp-block-column-is-layout-flow\" style=\"flex-basis:16.67%\"><\/div>\n\n\n\n<div class=\"wp-block-column is-layout-flow wp-block-column-is-layout-flow\" style=\"flex-basis:16.67%\"><\/div>\n<\/div>\n\n\n\n<h1 class=\"wp-block-heading has-small-font-size\"><\/h1>\n\n\n\n<h2 class=\"wp-block-heading\">Disclaimer<\/h2>\n\n\n\n<p>Auf dem Blog energierechtsanw\u00e4ltin.ch werden Beitr\u00e4ge zu aktuellen energierechtlichen Themen ver\u00f6ffentlicht. Diese Beitr\u00e4ge stellen keine Rechtsberatung dar und behandeln keine Fragen oder Probleme konkreter Einzelf\u00e4lle. Sie erheben keinen Anspruch auf Vollst\u00e4ndigkeit und dienen ausschliesslich allgemeinen Informationszwecken.<\/p>\n","protected":false},"excerpt":{"rendered":"<p>Dr. Livia Camenisch ist Rechtsanw\u00e4ltin bei VISCHER in Z\u00fcrich. Sie ist im Bereich des \u00f6ffentlichen Wirtschafts- und Verwaltungsrechts t\u00e4tig mit [&hellip;]<\/p>\n","protected":false},"author":1,"featured_media":0,"parent":0,"menu_order":0,"comment_status":"closed","ping_status":"closed","template":"","meta":{"site-sidebar-layout":"default","site-content-layout":"","ast-site-content-layout":"","site-content-style":"default","site-sidebar-style":"default","ast-global-header-display":"","ast-banner-title-visibility":"","ast-main-header-display":"","ast-hfb-above-header-display":"","ast-hfb-below-header-display":"","ast-hfb-mobile-header-display":"","site-post-title":"","ast-breadcrumbs-content":"","ast-featured-img":"","footer-sml-layout":"","theme-transparent-header-meta":"","adv-header-id-meta":"","stick-header-meta":"","header-above-stick-meta":"","header-main-stick-meta":"","header-below-stick-meta":"","astra-migrate-meta-layouts":"default","ast-page-background-enabled":"default","ast-page-background-meta":{"desktop":{"background-color":"var(--ast-global-color-4)","background-image":"","background-repeat":"repeat","background-position":"center center","background-size":"auto","background-attachment":"scroll","background-type":"","background-media":"","overlay-type":"","overlay-color":"","overlay-opacity":"","overlay-gradient":""},"tablet":{"background-color":"","background-image":"","background-repeat":"repeat","background-position":"center center","background-size":"auto","background-attachment":"scroll","background-type":"","background-media":"","overlay-type":"","overlay-color":"","overlay-opacity":"","overlay-gradient":""},"mobile":{"background-color":"","background-image":"","background-repeat":"repeat","background-position":"center center","background-size":"auto","background-attachment":"scroll","background-type":"","background-media":"","overlay-type":"","overlay-color":"","overlay-opacity":"","overlay-gradient":""}},"ast-content-background-meta":{"desktop":{"background-color":"var(--ast-global-color-5)","background-image":"","background-repeat":"repeat","background-position":"center center","background-size":"auto","background-attachment":"scroll","background-type":"","background-media":"","overlay-type":"","overlay-color":"","overlay-opacity":"","overlay-gradient":""},"tablet":{"background-color":"var(--ast-global-color-5)","background-image":"","background-repeat":"repeat","background-position":"center center","background-size":"auto","background-attachment":"scroll","background-type":"","background-media":"","overlay-type":"","overlay-color":"","overlay-opacity":"","overlay-gradient":""},"mobile":{"background-color":"var(--ast-global-color-5)","background-image":"","background-repeat":"repeat","background-position":"center center","background-size":"auto","background-attachment":"scroll","background-type":"","background-media":"","overlay-type":"","overlay-color":"","overlay-opacity":"","overlay-gradient":""}},"_themeisle_gutenberg_block_has_review":false,"footnotes":""},"class_list":["post-174","page","type-page","status-publish","hentry"],"yoast_head":"<!-- This site is optimized with the Yoast SEO plugin v23.9 - https:\/\/yoast.com\/wordpress\/plugins\/seo\/ -->\n<title>About - energierechtsanw\u00e4ltin.ch<\/title>\n<meta name=\"robots\" content=\"index, follow, max-snippet:-1, max-image-preview:large, max-video-preview:-1\" \/>\n<link rel=\"canonical\" href=\"https:\/\/xn--energierechtsanwltin-qzb.ch\/?page_id=174\" \/>\n<meta property=\"og:locale\" content=\"de_DE\" \/>\n<meta property=\"og:type\" content=\"article\" \/>\n<meta property=\"og:title\" content=\"About - energierechtsanw\u00e4ltin.ch\" \/>\n<meta property=\"og:description\" content=\"Dr. Livia Camenisch ist Rechtsanw\u00e4ltin bei VISCHER in Z\u00fcrich. Sie ist im Bereich des \u00f6ffentlichen Wirtschafts- und Verwaltungsrechts t\u00e4tig mit [&hellip;]\" \/>\n<meta property=\"og:url\" content=\"https:\/\/xn--energierechtsanwltin-qzb.ch\/?page_id=174\" \/>\n<meta property=\"og:site_name\" content=\"energierechtsanw\u00e4ltin.ch\" \/>\n<meta property=\"article:modified_time\" content=\"2025-01-17T21:29:13+00:00\" \/>\n<meta property=\"og:image\" content=\"https:\/\/xn--energierechtsanwltin-qzb.ch\/wp-content\/uploads\/2024\/11\/Foto-LICA-farbig-1.jpeg\" \/>\n\t<meta property=\"og:image:width\" content=\"2467\" \/>\n\t<meta property=\"og:image:height\" content=\"2364\" \/>\n\t<meta property=\"og:image:type\" content=\"image\/jpeg\" \/>\n<meta name=\"twitter:card\" content=\"summary_large_image\" \/>\n<meta name=\"twitter:label1\" content=\"Gesch\u00e4tzte Lesezeit\" \/>\n\t<meta name=\"twitter:data1\" content=\"1\u00a0Minute\" \/>\n<script type=\"application\/ld+json\" class=\"yoast-schema-graph\">{\"@context\":\"https:\/\/schema.org\",\"@graph\":[{\"@type\":\"WebPage\",\"@id\":\"https:\/\/xn--energierechtsanwltin-qzb.ch\/?page_id=174\",\"url\":\"https:\/\/xn--energierechtsanwltin-qzb.ch\/?page_id=174\",\"name\":\"About - energierechtsanw\u00e4ltin.ch\",\"isPartOf\":{\"@id\":\"https:\/\/xn--energierechtsanwltin-qzb.ch\/#website\"},\"primaryImageOfPage\":{\"@id\":\"https:\/\/xn--energierechtsanwltin-qzb.ch\/?page_id=174#primaryimage\"},\"image\":{\"@id\":\"https:\/\/xn--energierechtsanwltin-qzb.ch\/?page_id=174#primaryimage\"},\"thumbnailUrl\":\"https:\/\/xn--energierechtsanwltin-qzb.ch\/wp-content\/uploads\/2024\/11\/Foto-LICA-farbig-1-1024x981.jpeg\",\"datePublished\":\"2024-11-10T16:12:11+00:00\",\"dateModified\":\"2025-01-17T21:29:13+00:00\",\"breadcrumb\":{\"@id\":\"https:\/\/xn--energierechtsanwltin-qzb.ch\/?page_id=174#breadcrumb\"},\"inLanguage\":\"de-CH\",\"potentialAction\":[{\"@type\":\"ReadAction\",\"target\":[\"https:\/\/xn--energierechtsanwltin-qzb.ch\/?page_id=174\"]}]},{\"@type\":\"ImageObject\",\"inLanguage\":\"de-CH\",\"@id\":\"https:\/\/xn--energierechtsanwltin-qzb.ch\/?page_id=174#primaryimage\",\"url\":\"https:\/\/xn--energierechtsanwltin-qzb.ch\/wp-content\/uploads\/2024\/11\/Foto-LICA-farbig-1.jpeg\",\"contentUrl\":\"https:\/\/xn--energierechtsanwltin-qzb.ch\/wp-content\/uploads\/2024\/11\/Foto-LICA-farbig-1.jpeg\",\"width\":2467,\"height\":2364},{\"@type\":\"BreadcrumbList\",\"@id\":\"https:\/\/xn--energierechtsanwltin-qzb.ch\/?page_id=174#breadcrumb\",\"itemListElement\":[{\"@type\":\"ListItem\",\"position\":1,\"name\":\"Startseite\",\"item\":\"https:\/\/xn--energierechtsanwltin-qzb.ch\/\"},{\"@type\":\"ListItem\",\"position\":2,\"name\":\"About\"}]},{\"@type\":\"WebSite\",\"@id\":\"https:\/\/xn--energierechtsanwltin-qzb.ch\/#website\",\"url\":\"https:\/\/xn--energierechtsanwltin-qzb.ch\/\",\"name\":\"energierechtsanw\u00e4ltin.ch\",\"description\":\"Ein Blog f\u00fcr die Energiebranche.\",\"publisher\":{\"@id\":\"https:\/\/xn--energierechtsanwltin-qzb.ch\/#organization\"},\"potentialAction\":[{\"@type\":\"SearchAction\",\"target\":{\"@type\":\"EntryPoint\",\"urlTemplate\":\"https:\/\/xn--energierechtsanwltin-qzb.ch\/?s={search_term_string}\"},\"query-input\":{\"@type\":\"PropertyValueSpecification\",\"valueRequired\":true,\"valueName\":\"search_term_string\"}}],\"inLanguage\":\"de-CH\"},{\"@type\":\"Organization\",\"@id\":\"https:\/\/xn--energierechtsanwltin-qzb.ch\/#organization\",\"name\":\"energierechtsanw\u00e4ltin.ch\",\"url\":\"https:\/\/xn--energierechtsanwltin-qzb.ch\/\",\"logo\":{\"@type\":\"ImageObject\",\"inLanguage\":\"de-CH\",\"@id\":\"https:\/\/xn--energierechtsanwltin-qzb.ch\/#\/schema\/logo\/image\/\",\"url\":\"https:\/\/xn--energierechtsanwltin-qzb.ch\/wp-content\/uploads\/2024\/11\/cropped-Paragraf.jpg\",\"contentUrl\":\"https:\/\/xn--energierechtsanwltin-qzb.ch\/wp-content\/uploads\/2024\/11\/cropped-Paragraf.jpg\",\"width\":282,\"height\":277,\"caption\":\"energierechtsanw\u00e4ltin.ch\"},\"image\":{\"@id\":\"https:\/\/xn--energierechtsanwltin-qzb.ch\/#\/schema\/logo\/image\/\"}}]}<\/script>\n<!-- \/ Yoast SEO plugin. -->","yoast_head_json":{"title":"About - energierechtsanw\u00e4ltin.ch","robots":{"index":"index","follow":"follow","max-snippet":"max-snippet:-1","max-image-preview":"max-image-preview:large","max-video-preview":"max-video-preview:-1"},"canonical":"https:\/\/xn--energierechtsanwltin-qzb.ch\/?page_id=174","og_locale":"de_DE","og_type":"article","og_title":"About - energierechtsanw\u00e4ltin.ch","og_description":"Dr. Livia Camenisch ist Rechtsanw\u00e4ltin bei VISCHER in Z\u00fcrich. Sie ist im Bereich des \u00f6ffentlichen Wirtschafts- und Verwaltungsrechts t\u00e4tig mit [&hellip;]","og_url":"https:\/\/xn--energierechtsanwltin-qzb.ch\/?page_id=174","og_site_name":"energierechtsanw\u00e4ltin.ch","article_modified_time":"2025-01-17T21:29:13+00:00","og_image":[{"width":2467,"height":2364,"url":"https:\/\/xn--energierechtsanwltin-qzb.ch\/wp-content\/uploads\/2024\/11\/Foto-LICA-farbig-1.jpeg","type":"image\/jpeg"}],"twitter_card":"summary_large_image","twitter_misc":{"Gesch\u00e4tzte Lesezeit":"1\u00a0Minute"},"schema":{"@context":"https:\/\/schema.org","@graph":[{"@type":"WebPage","@id":"https:\/\/xn--energierechtsanwltin-qzb.ch\/?page_id=174","url":"https:\/\/xn--energierechtsanwltin-qzb.ch\/?page_id=174","name":"About - energierechtsanw\u00e4ltin.ch","isPartOf":{"@id":"https:\/\/xn--energierechtsanwltin-qzb.ch\/#website"},"primaryImageOfPage":{"@id":"https:\/\/xn--energierechtsanwltin-qzb.ch\/?page_id=174#primaryimage"},"image":{"@id":"https:\/\/xn--energierechtsanwltin-qzb.ch\/?page_id=174#primaryimage"},"thumbnailUrl":"https:\/\/xn--energierechtsanwltin-qzb.ch\/wp-content\/uploads\/2024\/11\/Foto-LICA-farbig-1-1024x981.jpeg","datePublished":"2024-11-10T16:12:11+00:00","dateModified":"2025-01-17T21:29:13+00:00","breadcrumb":{"@id":"https:\/\/xn--energierechtsanwltin-qzb.ch\/?page_id=174#breadcrumb"},"inLanguage":"de-CH","potentialAction":[{"@type":"ReadAction","target":["https:\/\/xn--energierechtsanwltin-qzb.ch\/?page_id=174"]}]},{"@type":"ImageObject","inLanguage":"de-CH","@id":"https:\/\/xn--energierechtsanwltin-qzb.ch\/?page_id=174#primaryimage","url":"https:\/\/xn--energierechtsanwltin-qzb.ch\/wp-content\/uploads\/2024\/11\/Foto-LICA-farbig-1.jpeg","contentUrl":"https:\/\/xn--energierechtsanwltin-qzb.ch\/wp-content\/uploads\/2024\/11\/Foto-LICA-farbig-1.jpeg","width":2467,"height":2364},{"@type":"BreadcrumbList","@id":"https:\/\/xn--energierechtsanwltin-qzb.ch\/?page_id=174#breadcrumb","itemListElement":[{"@type":"ListItem","position":1,"name":"Startseite","item":"https:\/\/xn--energierechtsanwltin-qzb.ch\/"},{"@type":"ListItem","position":2,"name":"About"}]},{"@type":"WebSite","@id":"https:\/\/xn--energierechtsanwltin-qzb.ch\/#website","url":"https:\/\/xn--energierechtsanwltin-qzb.ch\/","name":"energierechtsanw\u00e4ltin.ch","description":"Ein Blog f\u00fcr die Energiebranche.","publisher":{"@id":"https:\/\/xn--energierechtsanwltin-qzb.ch\/#organization"},"potentialAction":[{"@type":"SearchAction","target":{"@type":"EntryPoint","urlTemplate":"https:\/\/xn--energierechtsanwltin-qzb.ch\/?s={search_term_string}"},"query-input":{"@type":"PropertyValueSpecification","valueRequired":true,"valueName":"search_term_string"}}],"inLanguage":"de-CH"},{"@type":"Organization","@id":"https:\/\/xn--energierechtsanwltin-qzb.ch\/#organization","name":"energierechtsanw\u00e4ltin.ch","url":"https:\/\/xn--energierechtsanwltin-qzb.ch\/","logo":{"@type":"ImageObject","inLanguage":"de-CH","@id":"https:\/\/xn--energierechtsanwltin-qzb.ch\/#\/schema\/logo\/image\/","url":"https:\/\/xn--energierechtsanwltin-qzb.ch\/wp-content\/uploads\/2024\/11\/cropped-Paragraf.jpg","contentUrl":"https:\/\/xn--energierechtsanwltin-qzb.ch\/wp-content\/uploads\/2024\/11\/cropped-Paragraf.jpg","width":282,"height":277,"caption":"energierechtsanw\u00e4ltin.ch"},"image":{"@id":"https:\/\/xn--energierechtsanwltin-qzb.ch\/#\/schema\/logo\/image\/"}}]}},"_links":{"self":[{"href":"https:\/\/xn--energierechtsanwltin-qzb.ch\/index.php?rest_route=\/wp\/v2\/pages\/174","targetHints":{"allow":["GET"]}}],"collection":[{"href":"https:\/\/xn--energierechtsanwltin-qzb.ch\/index.php?rest_route=\/wp\/v2\/pages"}],"about":[{"href":"https:\/\/xn--energierechtsanwltin-qzb.ch\/index.php?rest_route=\/wp\/v2\/types\/page"}],"author":[{"embeddable":true,"href":"https:\/\/xn--energierechtsanwltin-qzb.ch\/index.php?rest_route=\/wp\/v2\/users\/1"}],"replies":[{"embeddable":true,"href":"https:\/\/xn--energierechtsanwltin-qzb.ch\/index.php?rest_route=%2Fwp%2Fv2%2Fcomments&post=174"}],"version-history":[{"count":20,"href":"https:\/\/xn--energierechtsanwltin-qzb.ch\/index.php?rest_route=\/wp\/v2\/pages\/174\/revisions"}],"predecessor-version":[{"id":356,"href":"https:\/\/xn--energierechtsanwltin-qzb.ch\/index.php?rest_route=\/wp\/v2\/pages\/174\/revisions\/356"}],"wp:attachment":[{"href":"https:\/\/xn--energierechtsanwltin-qzb.ch\/index.php?rest_route=%2Fwp%2Fv2%2Fmedia&parent=174"}],"curies":[{"name":"wp","href":"https:\/\/api.w.org\/{rel}","templated":true}]}}